{"id":114,"date":"2022-02-10T17:42:34","date_gmt":"2022-02-10T16:42:34","guid":{"rendered":"http:\/\/angeliquepennetierconteuse.fr\/apc_01\/?page_id=114"},"modified":"2022-04-06T12:30:53","modified_gmt":"2022-04-06T10:30:53","slug":"les-souliers-rouges-de-tchalai","status":"publish","type":"page","link":"https:\/\/angeliquepennetierconteuse.fr\/apc_01\/index.php\/les-souliers-rouges-de-tchalai\/","title":{"rendered":"Les souliers rouges de Tchala\u00ef"},"content":{"rendered":"\n<p class=\"has-text-align-center\">  <strong>Conte musical Rrom, tous publics \u00e0 partir de 10 ans,  <\/strong><strong>1h10<\/strong>.<\/p>\n\n\n\n<div class=\"wp-block-image\"><figure class=\"aligncenter size-large is-resized\"><img loading=\"lazy\" decoding=\"async\" src=\"http:\/\/angeliquepennetierconteuse.fr\/apc_01\/wp-content\/uploads\/2022\/03\/bidoune-affiche-838x1024.jpg\" alt=\"\" class=\"wp-image-151\" width=\"236\" height=\"289\" srcset=\"https:\/\/angeliquepennetierconteuse.fr\/apc_01\/wp-content\/uploads\/2022\/03\/bidoune-affiche-838x1024.jpg 838w, https:\/\/angeliquepennetierconteuse.fr\/apc_01\/wp-content\/uploads\/2022\/03\/bidoune-affiche-246x300.jpg 246w, https:\/\/angeliquepennetierconteuse.fr\/apc_01\/wp-content\/uploads\/2022\/03\/bidoune-affiche-768x938.jpg 768w, https:\/\/angeliquepennetierconteuse.fr\/apc_01\/wp-content\/uploads\/2022\/03\/bidoune-affiche-1258x1536.jpg 1258w, https:\/\/angeliquepennetierconteuse.fr\/apc_01\/wp-content\/uploads\/2022\/03\/bidoune-affiche-221x270.jpg 221w, https:\/\/angeliquepennetierconteuse.fr\/apc_01\/wp-content\/uploads\/2022\/03\/bidoune-affiche.jpg 1310w\" sizes=\"auto, (max-width: 236px) 100vw, 236px\" \/><\/figure><\/div>\n\n\n\n<div class=\"wp-block-columns is-layout-flex wp-container-core-columns-is-layout-9d6595d7 wp-block-columns-is-layout-flex\">\n<div class=\"wp-block-column is-layout-flow wp-block-column-is-layout-flow\" style=\"flex-basis:100%\">\n<div class=\"wp-block-group alignwide\"><div class=\"wp-block-group__inner-container is-layout-flow wp-block-group-is-layout-flow\">\n<div class=\"wp-block-media-text alignwide is-stacked-on-mobile is-vertically-aligned-bottom\" style=\"grid-template-columns:15% auto\"><figure class=\"wp-block-media-text__media\"><\/figure><div class=\"wp-block-media-text__content\">\n<p>         <\/p>\n\n\n\n<p class=\"has-text-align-left\">Tchala\u00ef,&nbsp; jeune Rrom des chemins, vit une enfance o\u00f9 le savoir des&nbsp; femmes aux herbes, celles qui gu\u00e9rissent, les drabarnii, est transmis de m\u00e8re en fille. Sa vie est berc\u00e9e de danses avec le vent, de secrets chuchot\u00e9s dans les herbes folles, de contemplations d\u00e9licieuses &#8230;<\/p>\n\n\n\n<p class=\"has-text-align-left\">&nbsp;Un jour, apr\u00e8s avoir gu\u00e9ri le roi tzigane, Tchala\u00ef sera mari\u00e9e au prince, elle devra quitter ses chemins pour aller vivre au palais. Pour ne rien oublier de son savoir, pour tout emporter, sa m\u00e8re lui confectionne, avec les tissus du souvenir, une paire de chaussons rouges cousus mains&#8230;<\/p>\n\n\n\n<p>&nbsp;Ce conte est un chemin initiatique de femme ou les secrets de         Gitans nous guident.<\/p>\n<\/div><\/div>\n<\/div><\/div>\n<\/div>\n<\/div>\n\n\n\n<div class=\"wp-block-columns is-layout-flex wp-container-core-columns-is-layout-9d6595d7 wp-block-columns-is-layout-flex\">\n<div class=\"wp-block-column is-layout-flow wp-block-column-is-layout-flow\" style=\"flex-basis:100%\">\n<p>Ce conte se donne avec ou sans musicien<\/p>\n<\/div>\n<\/div>\n\n\n\n<p><\/p>\n","protected":false},"excerpt":{"rendered":"<p>Conte musical Rrom, tous publics \u00e0 partir de 10 ans, 1h10. Tchala\u00ef,&nbsp; jeune Rrom des chemins, vit une enfance o\u00f9 le savoir des&nbsp; femmes aux herbes, celles qui gu\u00e9rissent, les drabarnii, est transmis de m\u00e8re en fille. Sa vie est berc\u00e9e de danses avec le vent, de secrets chuchot\u00e9s dans les herbes folles, de contemplations d\u00e9licieuses &#8230; &nbsp;Un jour, apr\u00e8s avoir gu\u00e9ri le roi tzigane, Tchala\u00ef sera mari\u00e9e au prince, elle devra quitter ses chemins pour aller vivre au palais&#8230;.<\/p>\n<p class=\"read-more\"><a class=\"btn btn-default\" href=\"https:\/\/angeliquepennetierconteuse.fr\/apc_01\/index.php\/les-souliers-rouges-de-tchalai\/\">Lire la suite<span class=\"screen-reader-text\"> Lire la suite<\/span><\/a><\/p>\n","protected":false},"author":2,"featured_media":0,"parent":0,"menu_order":0,"comment_status":"closed","ping_status":"closed","template":"","meta":{"footnotes":""},"class_list":["post-114","page","type-page","status-publish","hentry"],"_links":{"self":[{"href":"https:\/\/angeliquepennetierconteuse.fr\/apc_01\/index.php\/wp-json\/wp\/v2\/pages\/114","targetHints":{"allow":["GET"]}}],"collection":[{"href":"https:\/\/angeliquepennetierconteuse.fr\/apc_01\/index.php\/wp-json\/wp\/v2\/pages"}],"about":[{"href":"https:\/\/angeliquepennetierconteuse.fr\/apc_01\/index.php\/wp-json\/wp\/v2\/types\/page"}],"author":[{"embeddable":true,"href":"https:\/\/angeliquepennetierconteuse.fr\/apc_01\/index.php\/wp-json\/wp\/v2\/users\/2"}],"replies":[{"embeddable":true,"href":"https:\/\/angeliquepennetierconteuse.fr\/apc_01\/index.php\/wp-json\/wp\/v2\/comments?post=114"}],"version-history":[{"count":18,"href":"https:\/\/angeliquepennetierconteuse.fr\/apc_01\/index.php\/wp-json\/wp\/v2\/pages\/114\/revisions"}],"predecessor-version":[{"id":465,"href":"https:\/\/angeliquepennetierconteuse.fr\/apc_01\/index.php\/wp-json\/wp\/v2\/pages\/114\/revisions\/465"}],"wp:attachment":[{"href":"https:\/\/angeliquepennetierconteuse.fr\/apc_01\/index.php\/wp-json\/wp\/v2\/media?parent=114"}],"curies":[{"name":"wp","href":"https:\/\/api.w.org\/{rel}","templated":true}]}}