{"id":2,"date":"2022-01-19T08:39:13","date_gmt":"2022-01-19T07:39:13","guid":{"rendered":"http:\/\/angeliquepennetierconteuse.fr\/apc_01\/?page_id=2"},"modified":"2023-03-19T10:04:18","modified_gmt":"2023-03-19T09:04:18","slug":"page-d-exemple","status":"publish","type":"page","link":"https:\/\/angeliquepennetierconteuse.fr\/apc_01\/","title":{"rendered":"Accueil"},"content":{"rendered":"\n<p class=\"has-text-align-center has-small-font-size\">      Promenons-nous dans le bois voir si tout est bien l\u00e0 !<\/p>\n\n\n\n<p class=\"has-text-align-center has-small-font-size\">-Loup, y es-tu ?<br>-Oui, oui, j\u2019suis bien l\u00e0 !<br>-Loup, que fais-tu ?<br>-j\u2019 m\u2019 fais mes griffes, j \u2019m\u2019 \u00e9bouriffe !<\/p>\n\n\n\n<p class=\"has-text-align-center has-small-font-size\">-Loup, y es-tu ?<br>-Oui, oui, j\u2019 suis bien l\u00e0 !<br>-Loup, que fais-tu ?<br>-J\u2019 aff\u00fbte mes crocs et j\u2019me fais beau !<\/p>\n\n\n\n<p class=\"has-text-align-center has-small-font-size\">-Loup, y es-tu ?<br>-Oui, j\u2019arrive ch\u00e8re conteuse ! Ah, te voil\u00e0 et fin pr\u00eate pour le conte de ce soir.<br>Pose toi donc sur mon dos, et allons, courrons par monts et par vaux. Nous leur montrerons les lueurs de la lune dans la for\u00eat profonde. Et si tu oses, ch\u00e8re conteuse, glisse toi dans mon c\u0153ur, deviens Loup ! Ainsi, tu sentiras mes ardeurs, ma fureur. Alors, tu leur diras, tu leur montreras tout! Tout ce qui se passe sur les sentes de cette histoire.<\/p>\n\n\n\n<p class=\"has-small-font-size\"><\/p>\n\n\n\n<p><\/p>\n\n\n\n<p><\/p>\n\n\n\n<blockquote class=\"wp-block-quote has-text-align-center is-layout-flow wp-block-quote-is-layout-flow\">\n<p class=\"has-small-font-size\">         <strong> Depuis 20 ans , j&rsquo;arpente, je contemple, je danse dans mes histoires pour vous les offrir, pour vous les servir.   J&rsquo;ai choisi le chemin chaotique, po\u00e9tique et magique, celui des tsiganes. Je conte aussi pour que l&rsquo;on se r\u00e9concilie avec la nature, je vante les gens de peu. Dans mes contes, on demande la libert\u00e9, on rencontre des meneurs de loups, des arbres magiques, on danse avec les \u00e9toiles, on fait des r\u00eaves que l&rsquo;on r\u00e9alise, on est<\/strong> <strong>vaillant et courageux.<\/strong><\/p>\n<\/blockquote>\n\n\n\n<p><\/p>\n","protected":false},"excerpt":{"rendered":"<p>Promenons-nous dans le bois voir si tout est bien l\u00e0 ! -Loup, y es-tu ?-Oui, oui, j\u2019suis bien l\u00e0 !-Loup, que fais-tu ?-j\u2019 m\u2019 fais mes griffes, j \u2019m\u2019 \u00e9bouriffe ! -Loup, y es-tu ?-Oui, oui, j\u2019 suis bien l\u00e0 !-Loup, que fais-tu ?-J\u2019 aff\u00fbte mes crocs et j\u2019me fais beau ! -Loup, y es-tu ?-Oui, j\u2019arrive ch\u00e8re conteuse ! Ah, te voil\u00e0 et fin pr\u00eate pour le conte de ce soir.Pose toi donc sur mon dos, et allons, courrons&#8230;<\/p>\n<p class=\"read-more\"><a class=\"btn btn-default\" href=\"https:\/\/angeliquepennetierconteuse.fr\/apc_01\/\">Lire la suite<span class=\"screen-reader-text\"> Lire la suite<\/span><\/a><\/p>\n","protected":false},"author":2,"featured_media":0,"parent":0,"menu_order":0,"comment_status":"closed","ping_status":"open","template":"","meta":{"footnotes":""},"class_list":["post-2","page","type-page","status-publish","hentry"],"_links":{"self":[{"href":"https:\/\/angeliquepennetierconteuse.fr\/apc_01\/index.php\/wp-json\/wp\/v2\/pages\/2","targetHints":{"allow":["GET"]}}],"collection":[{"href":"https:\/\/angeliquepennetierconteuse.fr\/apc_01\/index.php\/wp-json\/wp\/v2\/pages"}],"about":[{"href":"https:\/\/angeliquepennetierconteuse.fr\/apc_01\/index.php\/wp-json\/wp\/v2\/types\/page"}],"author":[{"embeddable":true,"href":"https:\/\/angeliquepennetierconteuse.fr\/apc_01\/index.php\/wp-json\/wp\/v2\/users\/2"}],"replies":[{"embeddable":true,"href":"https:\/\/angeliquepennetierconteuse.fr\/apc_01\/index.php\/wp-json\/wp\/v2\/comments?post=2"}],"version-history":[{"count":9,"href":"https:\/\/angeliquepennetierconteuse.fr\/apc_01\/index.php\/wp-json\/wp\/v2\/pages\/2\/revisions"}],"predecessor-version":[{"id":578,"href":"https:\/\/angeliquepennetierconteuse.fr\/apc_01\/index.php\/wp-json\/wp\/v2\/pages\/2\/revisions\/578"}],"wp:attachment":[{"href":"https:\/\/angeliquepennetierconteuse.fr\/apc_01\/index.php\/wp-json\/wp\/v2\/media?parent=2"}],"curies":[{"name":"wp","href":"https:\/\/api.w.org\/{rel}","templated":true}]}}