{"id":272,"date":"2022-03-03T12:34:56","date_gmt":"2022-03-03T11:34:56","guid":{"rendered":"https:\/\/angeliquepennetierconteuse.fr\/apc_01\/?page_id=272"},"modified":"2024-10-06T07:46:10","modified_gmt":"2024-10-06T05:46:10","slug":"la-loba","status":"publish","type":"page","link":"https:\/\/angeliquepennetierconteuse.fr\/apc_01\/index.php\/la-loba\/","title":{"rendered":"La Loba"},"content":{"rendered":"\n<p><strong>&nbsp;Conte musical Manouche&nbsp;, tous publics \u00e0 partir de 7 ans, <\/strong><strong>50 mins<\/strong>.<\/p>\n\n\n<div class=\"wp-block-image\">\n<figure class=\"aligncenter size-large is-resized\"><img loading=\"lazy\" decoding=\"async\" width=\"820\" height=\"1024\" src=\"http:\/\/angeliquepennetierconteuse.fr\/apc_01\/wp-content\/uploads\/2022\/03\/Affiche-LOBA-lou-820x1024.jpg\" alt=\"\" class=\"wp-image-224\" style=\"width:227px;height:283px\" srcset=\"https:\/\/angeliquepennetierconteuse.fr\/apc_01\/wp-content\/uploads\/2022\/03\/Affiche-LOBA-lou-820x1024.jpg 820w, https:\/\/angeliquepennetierconteuse.fr\/apc_01\/wp-content\/uploads\/2022\/03\/Affiche-LOBA-lou-240x300.jpg 240w, https:\/\/angeliquepennetierconteuse.fr\/apc_01\/wp-content\/uploads\/2022\/03\/Affiche-LOBA-lou-768x959.jpg 768w, https:\/\/angeliquepennetierconteuse.fr\/apc_01\/wp-content\/uploads\/2022\/03\/Affiche-LOBA-lou-1231x1536.jpg 1231w, https:\/\/angeliquepennetierconteuse.fr\/apc_01\/wp-content\/uploads\/2022\/03\/Affiche-LOBA-lou-216x270.jpg 216w, https:\/\/angeliquepennetierconteuse.fr\/apc_01\/wp-content\/uploads\/2022\/03\/Affiche-LOBA-lou.jpg 1540w\" sizes=\"auto, (max-width: 820px) 100vw, 820px\" \/><\/figure>\n<\/div>\n\n\n<p><strong>&nbsp;&nbsp;&nbsp;&nbsp;&nbsp;&nbsp;&nbsp;&nbsp;&nbsp;&nbsp;&nbsp;&nbsp;&nbsp;&nbsp;&nbsp;&nbsp;&nbsp;&nbsp;&nbsp;&nbsp;&nbsp;&nbsp;&nbsp;<\/strong><\/p>\n\n\n\n<p><\/p>\n\n\n\n<p>Le premier soir du printemps, c\u2019est toujours une grande f\u00eate qui les attend, bord de Creuse. Il y a les roulottes, les chevaux, les femmes aux jupes color\u00e9es, les hommes, le plaisir au c\u0153ur qui laissent pleurer leurs guitares et des enfants partout qui courent, qui jouent, qui dansent\u2026 Cette nuit l\u00e0, il y a une visite, un homme aux loups apparait avec ses b\u00eates. Tel les trois f\u00e9es au-dessus du berceau, il va changer la vie de la Loba. \u00ab\u00a0Va dans le bois mon enfant, car si tu n&rsquo;y vas pas , jamais ta vie de loba ne commencera! Va voir les loup danser et apprends \u00e0 danser comme eux! Va les entendre hurler et apprends \u00e0 hurler comme eux! Va! Maintenant!\u00a0\u00bb lui a souffl\u00e9 sa grand-m\u00e8re.<\/p>\n\n\n\n<p> Nous l&rsquo;a suivons sur la piste du printemps avec sa famille,et les loups pour pleurer, rire, danser et chanter!<\/p>\n\n\n\n<p>Leur rapport \u00e0 la nature est puissant, leur langue et leur lien \u00e0 la famille fait qu\u2019ils existent encore. <strong>La Loba<\/strong> vous ouvre&nbsp; une porte, celle des manouches qui sont l\u00e0, si proche.<\/p>\n\n\n\n<p><strong>Pierre Kamlo Barr\u00e9<\/strong> et <strong>Pablo Robin<\/strong> du groupe swing et jazz manouche <strong>\u00ab&nbsp;Am K\u00e9t\u00e9nes quartet&nbsp;\u00bb <\/strong>suivent<strong> \u2018La Loba\u2019 <\/strong>sur la piste du printemps,l\u2019enchantent, l\u2019\u00e9tonnent de m\u00e9lodies ou de chants traditionnels.<\/p>\n\n\n\n<p><\/p>\n\n\n\n<p>Lien du groupe de musique:       <strong>http:\/\/amketenesquartet.com<\/strong><\/p>\n\n\n\n<p>Lien teaser:          <strong>  http:\/\/youtu.be\/IKNXIsudIOO<\/strong><\/p>\n\n\n\n<p><\/p>\n","protected":false},"excerpt":{"rendered":"<p>&nbsp;Conte musical Manouche&nbsp;, tous publics \u00e0 partir de 7 ans, 50 mins. &nbsp;&nbsp;&nbsp;&nbsp;&nbsp;&nbsp;&nbsp;&nbsp;&nbsp;&nbsp;&nbsp;&nbsp;&nbsp;&nbsp;&nbsp;&nbsp;&nbsp;&nbsp;&nbsp;&nbsp;&nbsp;&nbsp;&nbsp; Le premier soir du printemps, c\u2019est toujours une grande f\u00eate qui les attend, bord de Creuse. Il y a les roulottes, les chevaux, les femmes aux jupes color\u00e9es, les hommes, le plaisir au c\u0153ur qui laissent pleurer leurs guitares et des enfants partout qui courent, qui jouent, qui dansent\u2026 Cette nuit l\u00e0, il y a une visite, un homme aux loups apparait avec ses b\u00eates. Tel les&#8230;<\/p>\n<p class=\"read-more\"><a class=\"btn btn-default\" href=\"https:\/\/angeliquepennetierconteuse.fr\/apc_01\/index.php\/la-loba\/\">Lire la suite<span class=\"screen-reader-text\"> Lire la suite<\/span><\/a><\/p>\n","protected":false},"author":2,"featured_media":0,"parent":0,"menu_order":0,"comment_status":"closed","ping_status":"closed","template":"","meta":{"footnotes":""},"class_list":["post-272","page","type-page","status-publish","hentry"],"_links":{"self":[{"href":"https:\/\/angeliquepennetierconteuse.fr\/apc_01\/index.php\/wp-json\/wp\/v2\/pages\/272","targetHints":{"allow":["GET"]}}],"collection":[{"href":"https:\/\/angeliquepennetierconteuse.fr\/apc_01\/index.php\/wp-json\/wp\/v2\/pages"}],"about":[{"href":"https:\/\/angeliquepennetierconteuse.fr\/apc_01\/index.php\/wp-json\/wp\/v2\/types\/page"}],"author":[{"embeddable":true,"href":"https:\/\/angeliquepennetierconteuse.fr\/apc_01\/index.php\/wp-json\/wp\/v2\/users\/2"}],"replies":[{"embeddable":true,"href":"https:\/\/angeliquepennetierconteuse.fr\/apc_01\/index.php\/wp-json\/wp\/v2\/comments?post=272"}],"version-history":[{"count":17,"href":"https:\/\/angeliquepennetierconteuse.fr\/apc_01\/index.php\/wp-json\/wp\/v2\/pages\/272\/revisions"}],"predecessor-version":[{"id":762,"href":"https:\/\/angeliquepennetierconteuse.fr\/apc_01\/index.php\/wp-json\/wp\/v2\/pages\/272\/revisions\/762"}],"wp:attachment":[{"href":"https:\/\/angeliquepennetierconteuse.fr\/apc_01\/index.php\/wp-json\/wp\/v2\/media?parent=272"}],"curies":[{"name":"wp","href":"https:\/\/api.w.org\/{rel}","templated":true}]}}