{"id":355,"date":"2022-03-03T17:40:34","date_gmt":"2022-03-03T16:40:34","guid":{"rendered":"https:\/\/angeliquepennetierconteuse.fr\/apc_01\/?page_id=355"},"modified":"2024-10-04T12:03:55","modified_gmt":"2024-10-04T10:03:55","slug":"mais-cest-ou-noel","status":"publish","type":"page","link":"https:\/\/angeliquepennetierconteuse.fr\/apc_01\/index.php\/mais-cest-ou-noel\/","title":{"rendered":"Mais c&rsquo;est o\u00f9 No\u00ebl?"},"content":{"rendered":"\n<p class=\"has-text-align-center\">et autres contes de No\u00ebl<\/p>\n\n\n\n<p><\/p>\n\n\n\n<p class=\"has-text-align-center\"><strong>Tous publics \u00e0 partir de 4 ans, 45mins.<\/strong><\/p>\n\n\n<div class=\"wp-block-image\">\n<figure class=\"aligncenter size-full is-resized\"><img loading=\"lazy\" decoding=\"async\" width=\"480\" height=\"640\" src=\"http:\/\/angeliquepennetierconteuse.fr\/apc_01\/wp-content\/uploads\/2022\/03\/P1190721-rotated.jpg\" alt=\"\" class=\"wp-image-190\" style=\"width:138px;height:184px\" srcset=\"https:\/\/angeliquepennetierconteuse.fr\/apc_01\/wp-content\/uploads\/2022\/03\/P1190721-rotated.jpg 480w, https:\/\/angeliquepennetierconteuse.fr\/apc_01\/wp-content\/uploads\/2022\/03\/P1190721-225x300.jpg 225w, https:\/\/angeliquepennetierconteuse.fr\/apc_01\/wp-content\/uploads\/2022\/03\/P1190721-203x270.jpg 203w\" sizes=\"auto, (max-width: 480px) 100vw, 480px\" \/><\/figure>\n<\/div>\n\n\n<p class=\"has-text-align-left\">Un oiseau doit partir. Chez lui, dans son pays, il n&rsquo;y a plus rien! Plus une tit graine! Va pas finir tout sec tout de m\u00eame!! Sa m\u00e8re lui a pourtant dit: \u00ab\u00a0Pars mon petit, vole au-dessus de la mer. De l&rsquo;autre c\u00f4t\u00e9, c&rsquo;est un pays tout blanc, tout brillant qui t&rsquo;attend! Et en plus c&rsquo;est No\u00ebl. Et comme le veut la tradition de ce doux pays, \u00e0 chaque lumi\u00e8re que tu verras pos\u00e9e sur le bord des fen\u00eatres, tu n&rsquo;auras qu&rsquo;\u00e0 toquer avec ton p&rsquo;tit bec et ils t&rsquo;ouvriront et te donneront de quoi manger..\u00a0\u00bb <\/p>\n\n\n\n<p>Cette histoire parle des valeurs du fond de l&rsquo;hiver, des promesses, des croyances. No\u00ebl est avant tout un moment de partage.<\/p>\n","protected":false},"excerpt":{"rendered":"<p>et autres contes de No\u00ebl Tous publics \u00e0 partir de 4 ans, 45mins. Un oiseau doit partir. Chez lui, dans son pays, il n&rsquo;y a plus rien! Plus une tit graine! Va pas finir tout sec tout de m\u00eame!! Sa m\u00e8re lui a pourtant dit: \u00ab\u00a0Pars mon petit, vole au-dessus de la mer. De l&rsquo;autre c\u00f4t\u00e9, c&rsquo;est un pays tout blanc, tout brillant qui t&rsquo;attend! Et en plus c&rsquo;est No\u00ebl. Et comme le veut la tradition de ce doux pays,&#8230;<\/p>\n<p class=\"read-more\"><a class=\"btn btn-default\" href=\"https:\/\/angeliquepennetierconteuse.fr\/apc_01\/index.php\/mais-cest-ou-noel\/\">Lire la suite<span class=\"screen-reader-text\"> Lire la suite<\/span><\/a><\/p>\n","protected":false},"author":2,"featured_media":0,"parent":0,"menu_order":0,"comment_status":"closed","ping_status":"closed","template":"","meta":{"footnotes":""},"class_list":["post-355","page","type-page","status-publish","hentry"],"_links":{"self":[{"href":"https:\/\/angeliquepennetierconteuse.fr\/apc_01\/index.php\/wp-json\/wp\/v2\/pages\/355","targetHints":{"allow":["GET"]}}],"collection":[{"href":"https:\/\/angeliquepennetierconteuse.fr\/apc_01\/index.php\/wp-json\/wp\/v2\/pages"}],"about":[{"href":"https:\/\/angeliquepennetierconteuse.fr\/apc_01\/index.php\/wp-json\/wp\/v2\/types\/page"}],"author":[{"embeddable":true,"href":"https:\/\/angeliquepennetierconteuse.fr\/apc_01\/index.php\/wp-json\/wp\/v2\/users\/2"}],"replies":[{"embeddable":true,"href":"https:\/\/angeliquepennetierconteuse.fr\/apc_01\/index.php\/wp-json\/wp\/v2\/comments?post=355"}],"version-history":[{"count":7,"href":"https:\/\/angeliquepennetierconteuse.fr\/apc_01\/index.php\/wp-json\/wp\/v2\/pages\/355\/revisions"}],"predecessor-version":[{"id":747,"href":"https:\/\/angeliquepennetierconteuse.fr\/apc_01\/index.php\/wp-json\/wp\/v2\/pages\/355\/revisions\/747"}],"wp:attachment":[{"href":"https:\/\/angeliquepennetierconteuse.fr\/apc_01\/index.php\/wp-json\/wp\/v2\/media?parent=355"}],"curies":[{"name":"wp","href":"https:\/\/api.w.org\/{rel}","templated":true}]}}