{"id":358,"date":"2022-03-03T17:49:43","date_gmt":"2022-03-03T16:49:43","guid":{"rendered":"https:\/\/angeliquepennetierconteuse.fr\/apc_01\/?page_id=358"},"modified":"2023-02-20T16:25:24","modified_gmt":"2023-02-20T15:25:24","slug":"cest-noel-chez-les-trois-freres-crado","status":"publish","type":"page","link":"https:\/\/angeliquepennetierconteuse.fr\/apc_01\/index.php\/cest-noel-chez-les-trois-freres-crado\/","title":{"rendered":"C&rsquo;est No\u00ebl chez les trois fr\u00e8res Crado"},"content":{"rendered":"\n<p class=\"has-text-align-center\"><strong>Conte d&rsquo;objets pour tous les publics \u00e0 partir de 5 ans, 1h<\/strong><\/p>\n\n\n<div class=\"wp-block-image\">\n<figure class=\"aligncenter size-large is-resized\"><img loading=\"lazy\" decoding=\"async\" src=\"http:\/\/angeliquepennetierconteuse.fr\/apc_01\/wp-content\/uploads\/2022\/03\/MG_1260-copie-1024x708.jpg\" alt=\"\" class=\"wp-image-380\" width=\"251\" height=\"173\" srcset=\"https:\/\/angeliquepennetierconteuse.fr\/apc_01\/wp-content\/uploads\/2022\/03\/MG_1260-copie-1024x708.jpg 1024w, https:\/\/angeliquepennetierconteuse.fr\/apc_01\/wp-content\/uploads\/2022\/03\/MG_1260-copie-300x207.jpg 300w, https:\/\/angeliquepennetierconteuse.fr\/apc_01\/wp-content\/uploads\/2022\/03\/MG_1260-copie-768x531.jpg 768w, https:\/\/angeliquepennetierconteuse.fr\/apc_01\/wp-content\/uploads\/2022\/03\/MG_1260-copie-1536x1062.jpg 1536w, https:\/\/angeliquepennetierconteuse.fr\/apc_01\/wp-content\/uploads\/2022\/03\/MG_1260-copie-2048x1415.jpg 2048w, https:\/\/angeliquepennetierconteuse.fr\/apc_01\/wp-content\/uploads\/2022\/03\/MG_1260-copie-391x270.jpg 391w\" sizes=\"auto, (max-width: 251px) 100vw, 251px\" \/><\/figure>\n<\/div>\n\n\n<p>Je vous propose une version des trois fr\u00e8res Crado pour No\u00ebl. (Voir contes pour jeunes publics)<\/p>\n\n\n\n<p>Fabriquer ses propres jouets, inventer, recycler, r\u00e9parer, partager. Tel est le but de l&rsquo;enfant de l&rsquo;histoire. Son prochain souhait sera de devenir le futur apprenti du p\u00e8re No\u00ebl. Ainsi vont les contes, ainsi va la vie, exau\u00e7ons nos r\u00eaves!<\/p>\n\n\n<div class=\"wp-block-image\">\n<figure class=\"alignleft size-large is-resized\"><img loading=\"lazy\" decoding=\"async\" src=\"http:\/\/angeliquepennetierconteuse.fr\/apc_01\/wp-content\/uploads\/2022\/03\/MG_1287-683x1024.jpg\" alt=\"\" class=\"wp-image-375\" width=\"174\" height=\"261\" srcset=\"https:\/\/angeliquepennetierconteuse.fr\/apc_01\/wp-content\/uploads\/2022\/03\/MG_1287-683x1024.jpg 683w, https:\/\/angeliquepennetierconteuse.fr\/apc_01\/wp-content\/uploads\/2022\/03\/MG_1287-200x300.jpg 200w, https:\/\/angeliquepennetierconteuse.fr\/apc_01\/wp-content\/uploads\/2022\/03\/MG_1287-768x1152.jpg 768w, https:\/\/angeliquepennetierconteuse.fr\/apc_01\/wp-content\/uploads\/2022\/03\/MG_1287-1024x1536.jpg 1024w, https:\/\/angeliquepennetierconteuse.fr\/apc_01\/wp-content\/uploads\/2022\/03\/MG_1287-1365x2048.jpg 1365w, https:\/\/angeliquepennetierconteuse.fr\/apc_01\/wp-content\/uploads\/2022\/03\/MG_1287-180x270.jpg 180w, https:\/\/angeliquepennetierconteuse.fr\/apc_01\/wp-content\/uploads\/2022\/03\/MG_1287-scaled.jpg 1707w\" sizes=\"auto, (max-width: 174px) 100vw, 174px\" \/><\/figure>\n<\/div>\n\n<div class=\"wp-block-image\">\n<figure class=\"alignright size-large is-resized\"><img loading=\"lazy\" decoding=\"async\" src=\"http:\/\/angeliquepennetierconteuse.fr\/apc_01\/wp-content\/uploads\/2022\/03\/MG_1271-683x1024.jpg\" alt=\"\" class=\"wp-image-378\" width=\"167\" height=\"250\" srcset=\"https:\/\/angeliquepennetierconteuse.fr\/apc_01\/wp-content\/uploads\/2022\/03\/MG_1271-683x1024.jpg 683w, https:\/\/angeliquepennetierconteuse.fr\/apc_01\/wp-content\/uploads\/2022\/03\/MG_1271-200x300.jpg 200w, https:\/\/angeliquepennetierconteuse.fr\/apc_01\/wp-content\/uploads\/2022\/03\/MG_1271-768x1152.jpg 768w, https:\/\/angeliquepennetierconteuse.fr\/apc_01\/wp-content\/uploads\/2022\/03\/MG_1271-1024x1536.jpg 1024w, https:\/\/angeliquepennetierconteuse.fr\/apc_01\/wp-content\/uploads\/2022\/03\/MG_1271-1365x2048.jpg 1365w, https:\/\/angeliquepennetierconteuse.fr\/apc_01\/wp-content\/uploads\/2022\/03\/MG_1271-180x270.jpg 180w, https:\/\/angeliquepennetierconteuse.fr\/apc_01\/wp-content\/uploads\/2022\/03\/MG_1271-scaled.jpg 1707w\" sizes=\"auto, (max-width: 167px) 100vw, 167px\" \/><\/figure>\n<\/div>\n\n\n<p class=\"has-text-align-center\">           <\/p>\n\n\n\n<p class=\"has-text-align-center\">                                      Lettre au p\u00e8re no\u00ebl <\/p>\n\n\n\n<p class=\"has-text-align-center\">                                                  Cher p\u00e8re No\u00ebl,<br>j&rsquo;ai un grand r\u00eave, je d\u00e9sire devenir ton apprenti. C\u2019est d\u00e9cid\u00e9! Je dois d&rsquo;abord te raconter comment l&rsquo;id\u00e9e m&rsquo;est venue. J&rsquo;ai, pour commenc\u00e9 pris de grands risques. Comme je n&rsquo;ai pas le droit de r\u00e9parer les jouets en plastique (que mon fr\u00e8re casse), fabriqu\u00e9s par mon p\u00e8re, j&rsquo;ai d\u00fb trouv\u00e9 un stratag\u00e8me.. Me faire kidnapper par les trois fr\u00e8res Crado (ceci reste&nbsp; entre nous bien s\u00fbr) pour faire enfin ce que je pr\u00e9f\u00e8re&#8230;bricoler, inventer, cr\u00e9er des jouets avec tout ce qui&nbsp; est bon \u00e0 jeter. Au d\u00e9but, les fr\u00e8res crado avaient peur de moi, mais ensuite, quand je leur ai montr\u00e9 qu&rsquo;avec leurs bouts de ferrailles, je pouvais d\u00e9corer leur baraque et fabriquer une bagnoles(en jouet), une grosse b\u00eate, un man\u00e8ge, l\u00e0, \u00e7a a tout chang\u00e9! Ils m&rsquo;ont beaucoup aid\u00e9. C\u2019est la plus belle aventure qui me soit arriv\u00e9e&#8230;<br>Maintenant, je dois passer \u00e0 la vitesse sup\u00e9rieure, j&rsquo;ai bien r\u00e9fl\u00e9chi, nous pouvons changer le monde, ensemble. Je te le redemande, veux tu me prendre comme apprenti?<br>                                         J\u2019attends de tes nouvelles<\/p>\n\n\n\n<p>                                                          <br><br><br><br><\/p>\n","protected":false},"excerpt":{"rendered":"<p>Conte d&rsquo;objets pour tous les publics \u00e0 partir de 5 ans, 1h Je vous propose une version des trois fr\u00e8res Crado pour No\u00ebl. (Voir contes pour jeunes publics) Fabriquer ses propres jouets, inventer, recycler, r\u00e9parer, partager. Tel est le but de l&rsquo;enfant de l&rsquo;histoire. Son prochain souhait sera de devenir le futur apprenti du p\u00e8re No\u00ebl. Ainsi vont les contes, ainsi va la vie, exau\u00e7ons nos r\u00eaves! Lettre au p\u00e8re no\u00ebl Cher p\u00e8re No\u00ebl,j&rsquo;ai un grand r\u00eave, je d\u00e9sire devenir&#8230;<\/p>\n<p class=\"read-more\"><a class=\"btn btn-default\" href=\"https:\/\/angeliquepennetierconteuse.fr\/apc_01\/index.php\/cest-noel-chez-les-trois-freres-crado\/\">Lire la suite<span class=\"screen-reader-text\"> Lire la suite<\/span><\/a><\/p>\n","protected":false},"author":2,"featured_media":0,"parent":0,"menu_order":0,"comment_status":"closed","ping_status":"closed","template":"","meta":{"footnotes":""},"class_list":["post-358","page","type-page","status-publish","hentry"],"_links":{"self":[{"href":"https:\/\/angeliquepennetierconteuse.fr\/apc_01\/index.php\/wp-json\/wp\/v2\/pages\/358","targetHints":{"allow":["GET"]}}],"collection":[{"href":"https:\/\/angeliquepennetierconteuse.fr\/apc_01\/index.php\/wp-json\/wp\/v2\/pages"}],"about":[{"href":"https:\/\/angeliquepennetierconteuse.fr\/apc_01\/index.php\/wp-json\/wp\/v2\/types\/page"}],"author":[{"embeddable":true,"href":"https:\/\/angeliquepennetierconteuse.fr\/apc_01\/index.php\/wp-json\/wp\/v2\/users\/2"}],"replies":[{"embeddable":true,"href":"https:\/\/angeliquepennetierconteuse.fr\/apc_01\/index.php\/wp-json\/wp\/v2\/comments?post=358"}],"version-history":[{"count":14,"href":"https:\/\/angeliquepennetierconteuse.fr\/apc_01\/index.php\/wp-json\/wp\/v2\/pages\/358\/revisions"}],"predecessor-version":[{"id":560,"href":"https:\/\/angeliquepennetierconteuse.fr\/apc_01\/index.php\/wp-json\/wp\/v2\/pages\/358\/revisions\/560"}],"wp:attachment":[{"href":"https:\/\/angeliquepennetierconteuse.fr\/apc_01\/index.php\/wp-json\/wp\/v2\/media?parent=358"}],"curies":[{"name":"wp","href":"https:\/\/api.w.org\/{rel}","templated":true}]}}