{"id":44,"date":"2022-01-26T09:54:53","date_gmt":"2022-01-26T08:54:53","guid":{"rendered":"http:\/\/angeliquepennetierconteuse.fr\/apc_01\/?page_id=44"},"modified":"2023-02-20T16:35:29","modified_gmt":"2023-02-20T15:35:29","slug":"les-trois-freres-crado","status":"publish","type":"page","link":"https:\/\/angeliquepennetierconteuse.fr\/apc_01\/index.php\/les-trois-freres-crado\/","title":{"rendered":"Les trois fr\u00e8res Crado"},"content":{"rendered":"\n<p class=\"has-text-align-center\"><strong>Conte d&rsquo;objets pour tous les publics \u00e0 partir de 5 ans<\/strong>, <strong>librement et largement                                                          adapt\u00e9 du conte  <strong>\u00ab\u00a0Les trois brigands\u00a0\u00bb de Tomi Ungerer,   1h<\/strong><\/strong>.<\/p>\n\n\n<div class=\"wp-block-image\">\n<figure class=\"aligncenter size-large is-resized\"><img loading=\"lazy\" decoding=\"async\" src=\"http:\/\/angeliquepennetierconteuse.fr\/apc_01\/wp-content\/uploads\/2022\/01\/smssecure-2022-01-26-091608-768x1024.jpg\" alt=\"\" class=\"wp-image-47\" width=\"193\" height=\"257\" srcset=\"https:\/\/angeliquepennetierconteuse.fr\/apc_01\/wp-content\/uploads\/2022\/01\/smssecure-2022-01-26-091608-768x1024.jpg 768w, https:\/\/angeliquepennetierconteuse.fr\/apc_01\/wp-content\/uploads\/2022\/01\/smssecure-2022-01-26-091608-225x300.jpg 225w, https:\/\/angeliquepennetierconteuse.fr\/apc_01\/wp-content\/uploads\/2022\/01\/smssecure-2022-01-26-091608-1152x1536.jpg 1152w, https:\/\/angeliquepennetierconteuse.fr\/apc_01\/wp-content\/uploads\/2022\/01\/smssecure-2022-01-26-091608-203x270.jpg 203w, https:\/\/angeliquepennetierconteuse.fr\/apc_01\/wp-content\/uploads\/2022\/01\/smssecure-2022-01-26-091608.jpg 1200w\" sizes=\"auto, (max-width: 193px) 100vw, 193px\" \/><\/figure>\n<\/div>\n\n\n<p>Les trois fr\u00e8res Crado sont ferrailleurs, ils amassent, ils entassent des frigos, des p\u00e9dalos, des motos. C&rsquo;est leur tr\u00e9sor, c&rsquo;est leur vie!  Ils ne sont pas rigolos ces m\u00e9tallos. De l&rsquo;autre du c\u00f4t\u00e9 du village, un gar\u00e7on, dans son ch\u00e2teau s\u2019ennuie. Il a un r\u00eave, celui de bricoler. Il rusera pour se rendre chez les trois fr\u00e8res Crado,et il y exaucera des r\u00eaves. Cette rencontre fera tourner la t\u00e8te \u00e0 plus d&rsquo;un, jusqu&rsquo;\u00e0 changer le monde.<\/p>\n\n\n\n<p>Le d\u00e9cor se monte au fur et \u00e0 mesure que l&rsquo;histoire se fabrique, se d\u00e9roule. Tous les d\u00e9cors sont con\u00e7us \u00e0 base de m\u00e9tal collect\u00e9s dans des casses ferrailles.<\/p>\n\n\n\n<p class=\"has-text-align-center\">Un histoire sur la diff\u00e9rence, l&rsquo;amiti\u00e9 et l&rsquo;inventivit\u00e9.<\/p>\n\n\n\n<p><\/p>\n\n\n\n<p class=\"has-drop-cap has-text-align-center has-medium-font-size\"><\/p>\n\n\n<div class=\"wp-block-image\">\n<figure class=\"aligncenter size-large is-resized\"><img loading=\"lazy\" decoding=\"async\" src=\"http:\/\/angeliquepennetierconteuse.fr\/apc_01\/wp-content\/uploads\/2022\/03\/MG_1260-copie-1024x708.jpg\" alt=\"\" class=\"wp-image-380\" width=\"186\" height=\"128\" srcset=\"https:\/\/angeliquepennetierconteuse.fr\/apc_01\/wp-content\/uploads\/2022\/03\/MG_1260-copie-1024x708.jpg 1024w, https:\/\/angeliquepennetierconteuse.fr\/apc_01\/wp-content\/uploads\/2022\/03\/MG_1260-copie-300x207.jpg 300w, https:\/\/angeliquepennetierconteuse.fr\/apc_01\/wp-content\/uploads\/2022\/03\/MG_1260-copie-768x531.jpg 768w, https:\/\/angeliquepennetierconteuse.fr\/apc_01\/wp-content\/uploads\/2022\/03\/MG_1260-copie-1536x1062.jpg 1536w, https:\/\/angeliquepennetierconteuse.fr\/apc_01\/wp-content\/uploads\/2022\/03\/MG_1260-copie-2048x1415.jpg 2048w, https:\/\/angeliquepennetierconteuse.fr\/apc_01\/wp-content\/uploads\/2022\/03\/MG_1260-copie-391x270.jpg 391w\" sizes=\"auto, (max-width: 186px) 100vw, 186px\" \/><\/figure>\n<\/div>\n\n<div class=\"wp-block-image\">\n<figure class=\"aligncenter size-large is-resized\"><img loading=\"lazy\" decoding=\"async\" src=\"http:\/\/angeliquepennetierconteuse.fr\/apc_01\/wp-content\/uploads\/2022\/01\/smssecure-2022-01-26-091620-768x1024.jpg\" alt=\"\" class=\"wp-image-49\" width=\"194\" height=\"259\" srcset=\"https:\/\/angeliquepennetierconteuse.fr\/apc_01\/wp-content\/uploads\/2022\/01\/smssecure-2022-01-26-091620-768x1024.jpg 768w, https:\/\/angeliquepennetierconteuse.fr\/apc_01\/wp-content\/uploads\/2022\/01\/smssecure-2022-01-26-091620-225x300.jpg 225w, https:\/\/angeliquepennetierconteuse.fr\/apc_01\/wp-content\/uploads\/2022\/01\/smssecure-2022-01-26-091620-1152x1536.jpg 1152w, https:\/\/angeliquepennetierconteuse.fr\/apc_01\/wp-content\/uploads\/2022\/01\/smssecure-2022-01-26-091620-203x270.jpg 203w, https:\/\/angeliquepennetierconteuse.fr\/apc_01\/wp-content\/uploads\/2022\/01\/smssecure-2022-01-26-091620.jpg 1536w\" sizes=\"auto, (max-width: 194px) 100vw, 194px\" \/><\/figure>\n<\/div>\n\n<div class=\"wp-block-image\">\n<figure class=\"aligncenter size-large is-resized\"><img loading=\"lazy\" decoding=\"async\" src=\"http:\/\/angeliquepennetierconteuse.fr\/apc_01\/wp-content\/uploads\/2022\/03\/article-les-trois-freres-crados-2-pdf-724x1024.jpg\" alt=\"\" class=\"wp-image-142\" width=\"511\" height=\"722\"\/><\/figure>\n<\/div>\n\n\n<p><\/p>\n","protected":false},"excerpt":{"rendered":"<p>Conte d&rsquo;objets pour tous les publics \u00e0 partir de 5 ans, librement et largement adapt\u00e9 du conte \u00ab\u00a0Les trois brigands\u00a0\u00bb de Tomi Ungerer, 1h. Les trois fr\u00e8res Crado sont ferrailleurs, ils amassent, ils entassent des frigos, des p\u00e9dalos, des motos. C&rsquo;est leur tr\u00e9sor, c&rsquo;est leur vie! Ils ne sont pas rigolos ces m\u00e9tallos. De l&rsquo;autre du c\u00f4t\u00e9 du village, un gar\u00e7on, dans son ch\u00e2teau s\u2019ennuie. Il a un r\u00eave, celui de bricoler. Il rusera pour se rendre chez les trois&#8230;<\/p>\n<p class=\"read-more\"><a class=\"btn btn-default\" href=\"https:\/\/angeliquepennetierconteuse.fr\/apc_01\/index.php\/les-trois-freres-crado\/\">Lire la suite<span class=\"screen-reader-text\"> Lire la suite<\/span><\/a><\/p>\n","protected":false},"author":1,"featured_media":0,"parent":0,"menu_order":0,"comment_status":"closed","ping_status":"closed","template":"","meta":{"footnotes":""},"class_list":["post-44","page","type-page","status-publish","hentry"],"_links":{"self":[{"href":"https:\/\/angeliquepennetierconteuse.fr\/apc_01\/index.php\/wp-json\/wp\/v2\/pages\/44","targetHints":{"allow":["GET"]}}],"collection":[{"href":"https:\/\/angeliquepennetierconteuse.fr\/apc_01\/index.php\/wp-json\/wp\/v2\/pages"}],"about":[{"href":"https:\/\/angeliquepennetierconteuse.fr\/apc_01\/index.php\/wp-json\/wp\/v2\/types\/page"}],"author":[{"embeddable":true,"href":"https:\/\/angeliquepennetierconteuse.fr\/apc_01\/index.php\/wp-json\/wp\/v2\/users\/1"}],"replies":[{"embeddable":true,"href":"https:\/\/angeliquepennetierconteuse.fr\/apc_01\/index.php\/wp-json\/wp\/v2\/comments?post=44"}],"version-history":[{"count":39,"href":"https:\/\/angeliquepennetierconteuse.fr\/apc_01\/index.php\/wp-json\/wp\/v2\/pages\/44\/revisions"}],"predecessor-version":[{"id":565,"href":"https:\/\/angeliquepennetierconteuse.fr\/apc_01\/index.php\/wp-json\/wp\/v2\/pages\/44\/revisions\/565"}],"wp:attachment":[{"href":"https:\/\/angeliquepennetierconteuse.fr\/apc_01\/index.php\/wp-json\/wp\/v2\/media?parent=44"}],"curies":[{"name":"wp","href":"https:\/\/api.w.org\/{rel}","templated":true}]}}