{"id":71,"date":"2022-02-02T13:58:46","date_gmt":"2022-02-02T12:58:46","guid":{"rendered":"http:\/\/angeliquepennetierconteuse.fr\/apc_01\/?page_id=71"},"modified":"2024-04-17T13:58:10","modified_gmt":"2024-04-17T11:58:10","slug":"contes-du-loup","status":"publish","type":"page","link":"https:\/\/angeliquepennetierconteuse.fr\/apc_01\/index.php\/contes-du-loup\/","title":{"rendered":"Contes du loup"},"content":{"rendered":"\n<p class=\"has-text-align-center\"><strong>Tous publics \u00e0 partir de 8 ans<\/strong>, <strong>1h<\/strong>.<\/p>\n\n\n\n<p><\/p>\n\n\n\n<p><strong>La rissole de No\u00ebl&nbsp;&nbsp;&nbsp;<\/strong>Conte traditionnel de Savoie, conte de loup pour fr\u00e9mir&#8230;<\/p>\n\n\n\n<p>Il \u00e9tait une fois un jeune gar\u00e7on. Il \u00e9tait bien l\u00e0, chez ses grands parents. Leur&nbsp; petite maison de bois se trouvait au c\u0153ur de la for\u00eat toute blanche de neige, la fum\u00e9e dansait dans le froid de l\u2019hiver au dessus de la chemin\u00e9e. L\u2019odeur des rissoles faisaient trembler les trous de nez du p\u00e9p\u00e9, &nbsp;C\u2019\u00e9tait No\u00ebl\u2026&nbsp; Le p\u2019tit \u00e9tait l\u00e0, blottit dans les bras du fauteuil, devant la fen\u00eatre, il se r\u00e9galait de la rissole toute chaude que sa grand-m\u00e8re venait de dorer. Quand il s\u2019est retourn\u00e9 et qu\u2019il a coll\u00e9 son nez \u00e0 la fen\u00eatre, dehors, c\u2019\u00e9tait compl\u00e8tement fou&nbsp;! Y avait des bourrasques de vents qui faisaient des tourbillons de neige qui disparaissait dans la lueur de la lune. Et c\u2019est quand il a baiss\u00e9 les yeux, oh, il ne l\u2019avait pas vu venir, y avait une b\u00eate avec des yeux&nbsp;!!! \u00ab&nbsp;-Oh, p\u00e9p\u00e9, y a \u2026 y a un dr\u00f4le de chien qui m\u2019 regarde p\u00e9p\u00e9&nbsp;! On dirait qu\u2019il a vu ma rissole!&nbsp;Peut-\u00eatre qu\u2019il a faim, j peux lui en donner une p\u00e9p\u00e9&nbsp;? -Mais oui mon p\u2019tit, c\u2019est No\u00ebl pour tout le monde&nbsp;!!&nbsp;\u00bb<\/p>\n\n\n\n<p>Ce conte envo\u00fbtant nous m\u00e8ne dans le fond du bois de &nbsp;l\u2019hiver, dans une besace si vieille que si ta main s\u2019y glisse, tu ne peux en ressortir indemne\u2026<\/p>\n\n\n\n<p>&nbsp;<strong>La vieille et le loup<\/strong>&nbsp; &nbsp;&nbsp;&nbsp;&nbsp;Conte dr\u00f4le, de ruse et de bonne chance.<\/p>\n\n\n\n<p>La p\u2019tite vieille \u00e9tait pourtant tranquille dans sa bicoque. Tous les jours avant d\u2019aller chercher du bois, elle pr\u00e9parait \u00e0 chauffer sa soupe sur le coin du po\u00eale. Mais ce jour l\u00e0, quand elle est revenue, La marmite avait vol\u00e9 par terre, tout \u00e9tait sens dessus dessous&nbsp;! La vieille, \u00e7a l\u2019a mis dans une furie&nbsp;! Elle a dit&nbsp;: \u00ab&nbsp;Tu vas voir c\u2019que tu vas voir&nbsp;! Tu ne sais pas \u00e0 qui t\u2019as affaire&nbsp;! \u00bb<\/p>\n\n\n\n<p><strong>\u00a0<\/strong><strong>Le meneur de loup<\/strong>\u00a0\u00a0\u00a0\u00a0 L\u00e9gende Berrichonne de Claude Seignolle,\u00a0 histoire d\u2019hospitalit\u00e9, de partage et de don.<\/p>\n\n\n\n<p>Un soir, un homme hirsute est sorti du bois. Il a demand\u00e9 aux voyageurs qu\u2019on lui donne \u00e0 manger, \u00e0 lui et \u00e0 ses b\u00eates\u2026<\/p>\n\n\n\n<p>&nbsp;<strong>Marius et le loup<\/strong><strong>&nbsp;&nbsp;: <\/strong>&nbsp;Conte d\u2019initiation, d\u2019ent\u00eatement.<\/p>\n\n\n\n<p>C\u2019est l\u2019histoire d\u2019un jeune gar\u00e7on qui n\u2019en fait qu\u2019\u00e0 sa t\u00eate, il ne pense qu\u2019\u00e0 siffler. C\u2019est plus fort que lui, il siffle du matin au soir et quand il est en forme du soir au soir au matin, du coup, il siffle dr\u00f4lement bien&nbsp;! Mais ce soir-l\u00e0 le loup s\u2019approche&#8230; Il adore entendre Marius siffler\u2026<\/p>\n\n\n\n<p><\/p>\n\n\n\n<p><\/p>\n","protected":false},"excerpt":{"rendered":"<p>Tous publics \u00e0 partir de 8 ans, 1h. La rissole de No\u00ebl&nbsp;&nbsp;&nbsp;Conte traditionnel de Savoie, conte de loup pour fr\u00e9mir&#8230; Il \u00e9tait une fois un jeune gar\u00e7on. Il \u00e9tait bien l\u00e0, chez ses grands parents. Leur&nbsp; petite maison de bois se trouvait au c\u0153ur de la for\u00eat toute blanche de neige, la fum\u00e9e dansait dans le froid de l\u2019hiver au dessus de la chemin\u00e9e. L\u2019odeur des rissoles faisaient trembler les trous de nez du p\u00e9p\u00e9, &nbsp;C\u2019\u00e9tait No\u00ebl\u2026&nbsp; Le p\u2019tit \u00e9tait&#8230;<\/p>\n<p class=\"read-more\"><a class=\"btn btn-default\" href=\"https:\/\/angeliquepennetierconteuse.fr\/apc_01\/index.php\/contes-du-loup\/\">Lire la suite<span class=\"screen-reader-text\"> Lire la suite<\/span><\/a><\/p>\n","protected":false},"author":2,"featured_media":0,"parent":0,"menu_order":0,"comment_status":"closed","ping_status":"closed","template":"","meta":{"footnotes":""},"class_list":["post-71","page","type-page","status-publish","hentry"],"_links":{"self":[{"href":"https:\/\/angeliquepennetierconteuse.fr\/apc_01\/index.php\/wp-json\/wp\/v2\/pages\/71","targetHints":{"allow":["GET"]}}],"collection":[{"href":"https:\/\/angeliquepennetierconteuse.fr\/apc_01\/index.php\/wp-json\/wp\/v2\/pages"}],"about":[{"href":"https:\/\/angeliquepennetierconteuse.fr\/apc_01\/index.php\/wp-json\/wp\/v2\/types\/page"}],"author":[{"embeddable":true,"href":"https:\/\/angeliquepennetierconteuse.fr\/apc_01\/index.php\/wp-json\/wp\/v2\/users\/2"}],"replies":[{"embeddable":true,"href":"https:\/\/angeliquepennetierconteuse.fr\/apc_01\/index.php\/wp-json\/wp\/v2\/comments?post=71"}],"version-history":[{"count":12,"href":"https:\/\/angeliquepennetierconteuse.fr\/apc_01\/index.php\/wp-json\/wp\/v2\/pages\/71\/revisions"}],"predecessor-version":[{"id":687,"href":"https:\/\/angeliquepennetierconteuse.fr\/apc_01\/index.php\/wp-json\/wp\/v2\/pages\/71\/revisions\/687"}],"wp:attachment":[{"href":"https:\/\/angeliquepennetierconteuse.fr\/apc_01\/index.php\/wp-json\/wp\/v2\/media?parent=71"}],"curies":[{"name":"wp","href":"https:\/\/api.w.org\/{rel}","templated":true}]}}