{"id":77,"date":"2022-02-03T17:27:38","date_gmt":"2022-02-03T16:27:38","guid":{"rendered":"http:\/\/angeliquepennetierconteuse.fr\/apc_01\/?page_id=77"},"modified":"2024-10-04T12:21:09","modified_gmt":"2024-10-04T10:21:09","slug":"ouizz","status":"publish","type":"page","link":"https:\/\/angeliquepennetierconteuse.fr\/apc_01\/index.php\/ouizz\/","title":{"rendered":"Ouizz!!"},"content":{"rendered":"\n<p>                        <strong>Conte avec d\u00e9cors et mobiles, sifflements d\u2019oiseaux, chants v\u00e9g\u00e9taux\u2026<\/strong><\/p>\n\n\n\n<p class=\"has-text-align-center\"><strong>Pour les enfants de 6 mois \u00e0 4 ans.\u00a0 30 min<\/strong>.<\/p>\n\n\n<div class=\"wp-block-image\">\n<figure class=\"aligncenter size-full is-resized\"><img loading=\"lazy\" decoding=\"async\" width=\"882\" height=\"638\" src=\"http:\/\/angeliquepennetierconteuse.fr\/apc_01\/wp-content\/uploads\/2022\/03\/Le-Bol.jpg\" alt=\"\" class=\"wp-image-345\" style=\"width:254px;height:183px\" srcset=\"https:\/\/angeliquepennetierconteuse.fr\/apc_01\/wp-content\/uploads\/2022\/03\/Le-Bol.jpg 882w, https:\/\/angeliquepennetierconteuse.fr\/apc_01\/wp-content\/uploads\/2022\/03\/Le-Bol-300x217.jpg 300w, https:\/\/angeliquepennetierconteuse.fr\/apc_01\/wp-content\/uploads\/2022\/03\/Le-Bol-768x556.jpg 768w, https:\/\/angeliquepennetierconteuse.fr\/apc_01\/wp-content\/uploads\/2022\/03\/Le-Bol-373x270.jpg 373w\" sizes=\"auto, (max-width: 882px) 100vw, 882px\" \/><\/figure>\n<\/div>\n\n\n<p><\/p>\n\n\n\n<p class=\"has-text-align-left\">Ouizz est un petit oiseau, le plus petit de son nid. Le plus gros, le plus costaud pousse tous ses fr\u00e9rots. Ouizz tombe et un p\u00e9riple l\u2019attend. Il a peur, il est perdu. <\/p>\n\n\n\n<p>Les \u00e9l\u00e9ments de la nature l&rsquo;aide et lui permettront de grandir\u2026Rire, danser, sauter, et enfin voler. Cela lui permettra de se sortir du nid aux grandes plumes rouges de l\u2019oiseau croqueur et de repartir comme un grand pour rejoindre les siens, pour le voyage lointain&nbsp; .<\/p>\n\n\n\n<blockquote class=\"wp-block-quote is-layout-flow wp-block-quote-is-layout-flow\">\n<p>L\u2019interactivit\u00e9 avec les enfants et les adultes est pr\u00e9sente du d\u00e9but \u00e0 la fin.<\/p>\n<\/blockquote>\n\n\n\n<blockquote class=\"wp-block-quote is-layout-flow wp-block-quote-is-layout-flow\">\n<p>On souffle comme le vent, on chante comme une fleur, on siffle comme un oiseau, on grelinne avec les branches. <\/p>\n<\/blockquote>\n\n\n\n<p><\/p>\n\n\n\n<p><\/p>\n\n\n\n<p><\/p>\n\n\n\n<p><\/p>\n","protected":false},"excerpt":{"rendered":"<p>Conte avec d\u00e9cors et mobiles, sifflements d\u2019oiseaux, chants v\u00e9g\u00e9taux\u2026 Pour les enfants de 6 mois \u00e0 4 ans.\u00a0 30 min. Ouizz est un petit oiseau, le plus petit de son nid. Le plus gros, le plus costaud pousse tous ses fr\u00e9rots. Ouizz tombe et un p\u00e9riple l\u2019attend. Il a peur, il est perdu. Les \u00e9l\u00e9ments de la nature l&rsquo;aide et lui permettront de grandir\u2026Rire, danser, sauter, et enfin voler. Cela lui permettra de se sortir du nid aux grandes plumes&#8230;<\/p>\n<p class=\"read-more\"><a class=\"btn btn-default\" href=\"https:\/\/angeliquepennetierconteuse.fr\/apc_01\/index.php\/ouizz\/\">Lire la suite<span class=\"screen-reader-text\"> Lire la suite<\/span><\/a><\/p>\n","protected":false},"author":2,"featured_media":0,"parent":0,"menu_order":0,"comment_status":"closed","ping_status":"closed","template":"","meta":{"footnotes":""},"class_list":["post-77","page","type-page","status-publish","hentry"],"_links":{"self":[{"href":"https:\/\/angeliquepennetierconteuse.fr\/apc_01\/index.php\/wp-json\/wp\/v2\/pages\/77","targetHints":{"allow":["GET"]}}],"collection":[{"href":"https:\/\/angeliquepennetierconteuse.fr\/apc_01\/index.php\/wp-json\/wp\/v2\/pages"}],"about":[{"href":"https:\/\/angeliquepennetierconteuse.fr\/apc_01\/index.php\/wp-json\/wp\/v2\/types\/page"}],"author":[{"embeddable":true,"href":"https:\/\/angeliquepennetierconteuse.fr\/apc_01\/index.php\/wp-json\/wp\/v2\/users\/2"}],"replies":[{"embeddable":true,"href":"https:\/\/angeliquepennetierconteuse.fr\/apc_01\/index.php\/wp-json\/wp\/v2\/comments?post=77"}],"version-history":[{"count":15,"href":"https:\/\/angeliquepennetierconteuse.fr\/apc_01\/index.php\/wp-json\/wp\/v2\/pages\/77\/revisions"}],"predecessor-version":[{"id":754,"href":"https:\/\/angeliquepennetierconteuse.fr\/apc_01\/index.php\/wp-json\/wp\/v2\/pages\/77\/revisions\/754"}],"wp:attachment":[{"href":"https:\/\/angeliquepennetierconteuse.fr\/apc_01\/index.php\/wp-json\/wp\/v2\/media?parent=77"}],"curies":[{"name":"wp","href":"https:\/\/api.w.org\/{rel}","templated":true}]}}